{"id":67,"date":"2021-02-19T08:04:13","date_gmt":"2021-02-19T08:04:13","guid":{"rendered":"http:\/\/fas.bilkent.edu.tr\/?page_id=67"},"modified":"2026-03-02T08:15:36","modified_gmt":"2026-03-02T08:15:36","slug":"faculty-board","status":"publish","type":"page","link":"http:\/\/fas.bilkent.edu.tr\/index.php\/faculty-board\/","title":{"rendered":"Faculty Board"},"content":{"rendered":"\n<div class=\"wp-block-columns is-layout-flex wp-container-core-columns-is-layout-9d6595d7 wp-block-columns-is-layout-flex\">\n<div class=\"wp-block-column is-layout-flow wp-block-column-is-layout-flow\" style=\"flex-basis:33.33%\">\n<p>Dean<\/p>\n<\/div>\n\n\n\n<div class=\"wp-block-column is-layout-flow wp-block-column-is-layout-flow\" style=\"flex-basis:66.66%\">\n<p><strong>Prof. Dr. Halil Altay G\u00fcvenir<\/strong><br>Computer Engineering<\/p>\n<\/div>\n<\/div>\n\n\n\n<div class=\"wp-block-columns is-layout-flex wp-container-core-columns-is-layout-9d6595d7 wp-block-columns-is-layout-flex\">\n<div class=\"wp-block-column is-layout-flow wp-block-column-is-layout-flow\" style=\"flex-basis:33.33%\">\n<p>Head of Departments<\/p>\n<\/div>\n\n\n\n<div class=\"wp-block-column is-layout-flow wp-block-column-is-layout-flow\" style=\"flex-basis:66.66%\">\n<p><strong>Jamel Ben Chafral <\/strong><br>Tourism and Hotel Management<\/p>\n\n\n\n<p><strong>Dr. Erkan U\u00e7ar<\/strong><br>Information Systems and Technologies<\/p>\n<\/div>\n<\/div>\n\n\n\n<div class=\"wp-block-columns is-layout-flex wp-container-core-columns-is-layout-9d6595d7 wp-block-columns-is-layout-flex\">\n<div class=\"wp-block-column is-layout-flow wp-block-column-is-layout-flow\" style=\"flex-basis:33.33%\">\n<p>Members<\/p>\n<\/div>\n\n\n\n<div class=\"wp-block-column is-layout-flow wp-block-column-is-layout-flow\" style=\"flex-basis:66.66%\">\n<p><strong>Assoc. Prof. Dr. Ay\u015fe <strong>Collins<\/strong><\/strong><br>Tourism and Hotel Management<\/p>\n\n\n\n<p><\/p>\n\n\n\n<p><strong>Asst. Prof. Dr. Oumout Chousein Oglou<\/strong><br>Information Systems and Technologies<\/p>\n<\/div>\n<\/div>\n","protected":false},"excerpt":{"rendered":"<p>Dean Prof. Dr. Halil Altay G\u00fcvenirComputer Engineering Head of Departments Jamel Ben Chafral Tourism and Hotel Management Dr. Erkan U\u00e7arInformation Systems and Technologies Members Assoc. Prof. Dr. Ay\u015fe CollinsTourism and&hellip;<\/p>\n","protected":false},"author":1,"featured_media":0,"parent":0,"menu_order":0,"comment_status":"closed","ping_status":"closed","template":"","meta":{"footnotes":""},"class_list":["post-67","page","type-page","status-publish","hentry"],"_links":{"self":[{"href":"http:\/\/fas.bilkent.edu.tr\/index.php\/wp-json\/wp\/v2\/pages\/67","targetHints":{"allow":["GET"]}}],"collection":[{"href":"http:\/\/fas.bilkent.edu.tr\/index.php\/wp-json\/wp\/v2\/pages"}],"about":[{"href":"http:\/\/fas.bilkent.edu.tr\/index.php\/wp-json\/wp\/v2\/types\/page"}],"author":[{"embeddable":true,"href":"http:\/\/fas.bilkent.edu.tr\/index.php\/wp-json\/wp\/v2\/users\/1"}],"replies":[{"embeddable":true,"href":"http:\/\/fas.bilkent.edu.tr\/index.php\/wp-json\/wp\/v2\/comments?post=67"}],"version-history":[{"count":34,"href":"http:\/\/fas.bilkent.edu.tr\/index.php\/wp-json\/wp\/v2\/pages\/67\/revisions"}],"predecessor-version":[{"id":1804,"href":"http:\/\/fas.bilkent.edu.tr\/index.php\/wp-json\/wp\/v2\/pages\/67\/revisions\/1804"}],"wp:attachment":[{"href":"http:\/\/fas.bilkent.edu.tr\/index.php\/wp-json\/wp\/v2\/media?parent=67"}],"curies":[{"name":"wp","href":"https:\/\/api.w.org\/{rel}","templated":true}]}}