{"id":68,"date":"2021-02-19T08:04:13","date_gmt":"2021-02-19T08:04:13","guid":{"rendered":"http:\/\/fas.bilkent.edu.tr\/?page_id=68"},"modified":"2025-10-06T10:48:38","modified_gmt":"2025-10-06T10:48:38","slug":"faculty-executive-board","status":"publish","type":"page","link":"http:\/\/fas.bilkent.edu.tr\/index.php\/faculty-executive-board\/","title":{"rendered":"Faculty Executive Board"},"content":{"rendered":"\n<div class=\"wp-block-columns is-layout-flex wp-container-core-columns-is-layout-9d6595d7 wp-block-columns-is-layout-flex\">\n<div class=\"wp-block-column is-layout-flow wp-block-column-is-layout-flow\" style=\"flex-basis:33.33%\">\n<p>Dean<\/p>\n<\/div>\n\n\n\n<div class=\"wp-block-column is-layout-flow wp-block-column-is-layout-flow\" style=\"flex-basis:66.66%\">\n<p><strong>Prof. Dr. Halil Altay G\u00fcvenir<\/strong><br>Computer Engineering<\/p>\n<\/div>\n<\/div>\n\n\n\n<div class=\"wp-block-columns is-layout-flex wp-container-core-columns-is-layout-9d6595d7 wp-block-columns-is-layout-flex\">\n<div class=\"wp-block-column is-layout-flow wp-block-column-is-layout-flow\" style=\"flex-basis:33.33%\">\n<p>Members<\/p>\n<\/div>\n\n\n\n<div class=\"wp-block-column is-layout-flow wp-block-column-is-layout-flow\" style=\"flex-basis:66.66%\">\n<p><strong>Prof. Dr. Erdal Erel<\/strong><br>Management<\/p>\n\n\n\n<p><strong>Prof. Dr. Ali Sinan Sert\u00f6z<\/strong><br>Mathematics<\/p>\n\n\n\n<p><strong>Prof. Dr. \u00d6zg\u00fcr Ulusoy<\/strong><br>Computer Engineering<\/p>\n\n\n\n<p><strong>Assoc. Prof. Dr. Ay\u015fe <strong>Collins<\/strong><\/strong><br>Tourism and Hotel Management<\/p>\n\n\n\n<p><strong>Assoc. Prof. Dr. &nbsp;G\u00fcl\u00fcm \u00d6z\u00e7elik<\/strong><br>Law<\/p>\n\n\n\n<p><strong>Asst. Prof. Dr. Semih Sait Y\u0131lmaz<\/strong><br>Tourism and Hotel Management<\/p>\n<\/div>\n<\/div>\n\n\n\n<p><\/p>\n","protected":false},"excerpt":{"rendered":"<p>Dean Prof. Dr. Halil Altay G\u00fcvenirComputer Engineering Members Prof. Dr. Erdal ErelManagement Prof. Dr. Ali Sinan Sert\u00f6zMathematics Prof. Dr. \u00d6zg\u00fcr UlusoyComputer Engineering Assoc. Prof. Dr. Ay\u015fe CollinsTourism and Hotel Management&hellip;<\/p>\n","protected":false},"author":1,"featured_media":0,"parent":0,"menu_order":0,"comment_status":"closed","ping_status":"closed","template":"","meta":{"footnotes":""},"class_list":["post-68","page","type-page","status-publish","hentry"],"_links":{"self":[{"href":"http:\/\/fas.bilkent.edu.tr\/index.php\/wp-json\/wp\/v2\/pages\/68","targetHints":{"allow":["GET"]}}],"collection":[{"href":"http:\/\/fas.bilkent.edu.tr\/index.php\/wp-json\/wp\/v2\/pages"}],"about":[{"href":"http:\/\/fas.bilkent.edu.tr\/index.php\/wp-json\/wp\/v2\/types\/page"}],"author":[{"embeddable":true,"href":"http:\/\/fas.bilkent.edu.tr\/index.php\/wp-json\/wp\/v2\/users\/1"}],"replies":[{"embeddable":true,"href":"http:\/\/fas.bilkent.edu.tr\/index.php\/wp-json\/wp\/v2\/comments?post=68"}],"version-history":[{"count":12,"href":"http:\/\/fas.bilkent.edu.tr\/index.php\/wp-json\/wp\/v2\/pages\/68\/revisions"}],"predecessor-version":[{"id":1761,"href":"http:\/\/fas.bilkent.edu.tr\/index.php\/wp-json\/wp\/v2\/pages\/68\/revisions\/1761"}],"wp:attachment":[{"href":"http:\/\/fas.bilkent.edu.tr\/index.php\/wp-json\/wp\/v2\/media?parent=68"}],"curies":[{"name":"wp","href":"https:\/\/api.w.org\/{rel}","templated":true}]}}