{"id":69,"date":"2021-02-19T08:04:13","date_gmt":"2021-02-19T08:04:13","guid":{"rendered":"http:\/\/fas.bilkent.edu.tr\/?page_id=69"},"modified":"2025-12-08T11:58:41","modified_gmt":"2025-12-08T11:58:41","slug":"internship-coordinators","status":"publish","type":"page","link":"http:\/\/fas.bilkent.edu.tr\/index.php\/internship-coordinators\/","title":{"rendered":"Internship Coordinators"},"content":{"rendered":"\n<div class=\"wp-block-columns is-layout-flex wp-container-core-columns-is-layout-9d6595d7 wp-block-columns-is-layout-flex\">\n<div class=\"wp-block-column is-layout-flow wp-block-column-is-layout-flow\" style=\"flex-basis:33.33%\">\n<figure class=\"wp-block-image size-large\"><img loading=\"lazy\" decoding=\"async\" width=\"150\" height=\"188\" src=\"http:\/\/fas.bilkent.edu.tr\/wp-content\/uploads\/2021\/02\/06-Serim.jpeg\" alt=\"\" class=\"wp-image-426\"\/><\/figure>\n<\/div>\n\n\n\n<div class=\"wp-block-column is-layout-flow wp-block-column-is-layout-flow\" style=\"flex-basis:66.66%\">\n<p><strong>Nimet Ceren Serim<\/strong><br>Information Systems and Technologies<br> +90 312 2905406 <br><span class=\"ubfemail\">cserim@bilkent.edu.tr<\/span><\/p>\n<\/div>\n<\/div>\n\n\n\n<div class=\"wp-block-columns is-layout-flex wp-container-core-columns-is-layout-9d6595d7 wp-block-columns-is-layout-flex\">\n<div class=\"wp-block-column is-layout-flow wp-block-column-is-layout-flow\" style=\"flex-basis:33.33%\">\n\n<\/div>\n\n\n\n<div class=\"wp-block-column is-layout-flow wp-block-column-is-layout-flow\" style=\"flex-basis:66.66%\">\n<!--<p><strong>G\u00fcne\u015f Karamullao\u011flu<\/strong><br>Tourism and Hotel Management<br>+90 312 2905008<br><span class=\"ubfemail\">karamul@bilkent.edu.tr<\/span><\/p>-->\n<\/div>\n<\/div>\n\n\n\n<p><\/p>\n","protected":false},"excerpt":{"rendered":"<p>Nimet Ceren SerimInformation Systems and Technologies +90 312 2905406 cserim@bilkent.edu.tr<\/p>\n","protected":false},"author":1,"featured_media":0,"parent":0,"menu_order":0,"comment_status":"closed","ping_status":"closed","template":"","meta":{"footnotes":""},"class_list":["post-69","page","type-page","status-publish","hentry"],"_links":{"self":[{"href":"http:\/\/fas.bilkent.edu.tr\/index.php\/wp-json\/wp\/v2\/pages\/69","targetHints":{"allow":["GET"]}}],"collection":[{"href":"http:\/\/fas.bilkent.edu.tr\/index.php\/wp-json\/wp\/v2\/pages"}],"about":[{"href":"http:\/\/fas.bilkent.edu.tr\/index.php\/wp-json\/wp\/v2\/types\/page"}],"author":[{"embeddable":true,"href":"http:\/\/fas.bilkent.edu.tr\/index.php\/wp-json\/wp\/v2\/users\/1"}],"replies":[{"embeddable":true,"href":"http:\/\/fas.bilkent.edu.tr\/index.php\/wp-json\/wp\/v2\/comments?post=69"}],"version-history":[{"count":19,"href":"http:\/\/fas.bilkent.edu.tr\/index.php\/wp-json\/wp\/v2\/pages\/69\/revisions"}],"predecessor-version":[{"id":1794,"href":"http:\/\/fas.bilkent.edu.tr\/index.php\/wp-json\/wp\/v2\/pages\/69\/revisions\/1794"}],"wp:attachment":[{"href":"http:\/\/fas.bilkent.edu.tr\/index.php\/wp-json\/wp\/v2\/media?parent=69"}],"curies":[{"name":"wp","href":"https:\/\/api.w.org\/{rel}","templated":true}]}}