{"id":70,"date":"2021-02-19T08:04:13","date_gmt":"2021-02-19T08:04:13","guid":{"rendered":"http:\/\/fas.bilkent.edu.tr\/?page_id=70"},"modified":"2026-03-06T11:27:24","modified_gmt":"2026-03-06T11:27:24","slug":"student-exchange-coordinators","status":"publish","type":"page","link":"http:\/\/fas.bilkent.edu.tr\/index.php\/student-exchange-coordinators\/","title":{"rendered":"Student Exchange Coordinators"},"content":{"rendered":"\n<div class=\"wp-block-columns is-layout-flex wp-container-core-columns-is-layout-9d6595d7 wp-block-columns-is-layout-flex\">\n<div class=\"wp-block-column is-layout-flow wp-block-column-is-layout-flow\" style=\"flex-basis:33.33%\">\n<figure class=\"wp-block-image size-large\"><img loading=\"lazy\" decoding=\"async\" width=\"150\" height=\"182\" src=\"http:\/\/fas.bilkent.edu.tr\/wp-content\/uploads\/2021\/02\/08-Yildirim-1.jpeg\" alt=\"\" class=\"wp-image-411\"\/><\/figure>\n<\/div>\n\n\n\n<div class=\"wp-block-column is-layout-flow wp-block-column-is-layout-flow\" style=\"flex-basis:66.66%\">\n<br><p><strong>Dr. Hamdi Murat Y\u0131ld\u0131r\u0131m<\/strong><br>Information Systems and Technologies<br>+90 312 2905072 <br><span class=\"ubfemail\">hmurat@bilkent.edu.tr<\/span><\/p>\n<\/div>\n<\/div>\n\n\n\n<div class=\"wp-block-columns is-layout-flex wp-container-core-columns-is-layout-9d6595d7 wp-block-columns-is-layout-flex\">\n<div class=\"wp-block-column is-layout-flow wp-block-column-is-layout-flow\" style=\"flex-basis:33.33%\">\n<figure class=\"wp-block-image size-full\"><img loading=\"lazy\" decoding=\"async\" width=\"150\" height=\"180\" src=\"http:\/\/fas.bilkent.edu.tr\/wp-content\/uploads\/2026\/03\/image.jpg\" alt=\"\" class=\"wp-image-1812\"\/><\/figure>\n<\/div>\n\n\n\n<div class=\"wp-block-column is-layout-flow wp-block-column-is-layout-flow\" style=\"flex-basis:66.66%\">\n<br><p><strong>G\u00fcne\u015f Karamullao\u011flu<\/strong><br>Tourism and Hotel Management<br>+90 312 2905008<br><span class=\"ubfemail\"> karamul@tourism.bilkent.edu.tr<\/span><\/p>\n<\/div>\n<\/div>\n\n\n\n<p><\/p>\n","protected":false},"excerpt":{"rendered":"<p>Dr. Hamdi Murat Y\u0131ld\u0131r\u0131mInformation Systems and Technologies+90 312 2905072 hmurat@bilkent.edu.tr G\u00fcne\u015f Karamullao\u011fluTourism and Hotel Management+90 312 2905008 karamul@tourism.bilkent.edu.tr<\/p>\n","protected":false},"author":1,"featured_media":0,"parent":0,"menu_order":0,"comment_status":"closed","ping_status":"closed","template":"","meta":{"footnotes":""},"class_list":["post-70","page","type-page","status-publish","hentry"],"_links":{"self":[{"href":"http:\/\/fas.bilkent.edu.tr\/index.php\/wp-json\/wp\/v2\/pages\/70","targetHints":{"allow":["GET"]}}],"collection":[{"href":"http:\/\/fas.bilkent.edu.tr\/index.php\/wp-json\/wp\/v2\/pages"}],"about":[{"href":"http:\/\/fas.bilkent.edu.tr\/index.php\/wp-json\/wp\/v2\/types\/page"}],"author":[{"embeddable":true,"href":"http:\/\/fas.bilkent.edu.tr\/index.php\/wp-json\/wp\/v2\/users\/1"}],"replies":[{"embeddable":true,"href":"http:\/\/fas.bilkent.edu.tr\/index.php\/wp-json\/wp\/v2\/comments?post=70"}],"version-history":[{"count":15,"href":"http:\/\/fas.bilkent.edu.tr\/index.php\/wp-json\/wp\/v2\/pages\/70\/revisions"}],"predecessor-version":[{"id":1813,"href":"http:\/\/fas.bilkent.edu.tr\/index.php\/wp-json\/wp\/v2\/pages\/70\/revisions\/1813"}],"wp:attachment":[{"href":"http:\/\/fas.bilkent.edu.tr\/index.php\/wp-json\/wp\/v2\/media?parent=70"}],"curies":[{"name":"wp","href":"https:\/\/api.w.org\/{rel}","templated":true}]}}